{"id":11425,"date":"2020-10-21T22:01:17","date_gmt":"2020-10-21T20:01:17","guid":{"rendered":"http:\/\/www.taunusmusikanten.de\/?page_id=11425"},"modified":"2020-10-21T22:33:50","modified_gmt":"2020-10-21T20:33:50","slug":"datenschutzerklaerung","status":"publish","type":"page","link":"https:\/\/www.taunusmusikanten.de\/?page_id=11425","title":{"rendered":"Datenschutzerkl\u00e4rung"},"content":{"rendered":"<div>\n<div>\n<div>\n<div class=\"block-editor-block-list__layout is-root-container\">\n<h1 id=\"block-fe82307b-05f7-47f6-8135-7064708f6c9b\" class=\"block-editor-block-list__block wp-block rich-text block-editor-rich-text__editable has-text-align-center wp-block\" style=\"text-align: center;\" tabindex=\"0\" role=\"textbox\" aria-label=\"Schreib eine \u00dcberschrift\u2026\" aria-multiline=\"true\" data-block=\"fe82307b-05f7-47f6-8135-7064708f6c9b\" data-type=\"core\/heading\" data-title=\"\u00dcberschrift\">Datenschutzerkl\u00e4rung<\/h1>\n<h2 id=\"block-cc4d8d3b-1770-4dec-b9a6-4039afb6f49a\" class=\"block-editor-block-list__block wp-block rich-text block-editor-rich-text__editable has-text-align-center wp-block\" style=\"text-align: center;\" tabindex=\"0\" role=\"textbox\" aria-label=\"Schreib eine \u00dcberschrift\u2026\" aria-multiline=\"true\" data-block=\"cc4d8d3b-1770-4dec-b9a6-4039afb6f49a\" data-type=\"core\/heading\" data-title=\"\u00dcberschrift\">Geltungsbereich<\/h2>\n<p id=\"block-b97b2681-110d-4ab2-a442-f62245a5a08d\" class=\"block-editor-block-list__block wp-block rich-text block-editor-rich-text__editable wp-block\" style=\"text-align: left;\" tabindex=\"0\" role=\"textbox\" aria-label=\"Absatz-Block\" aria-multiline=\"true\" data-block=\"b97b2681-110d-4ab2-a442-f62245a5a08d\" data-type=\"core\/paragraph\" data-title=\"Absatz\">Diese Datenschutzerkl\u00e4rung soll die Nutzer dieser Website gem\u00e4\u00df Bundesdatenschutzgesetz und Telemediengesetz \u00fcber die Art, den Umfang und den Zweck der Erhebung und Verwendung personenbezogener Daten durch den Websitebetreiber \u201eDie Wiesbadener Taunusmusikanten e.V.\u201c informieren. Der Websitebetreiber nimmt Ihren Datenschutz sehr ernst und behandelt Ihre personenbezogenen Daten vertraulich und entsprechend den gesetzlichen Vorschriften. Bedenken Sie, dass die Daten\u00fcbertragung im Internet grunds\u00e4tzlich mit Sicherheitsl\u00fccken bedacht sein kann. Ein vollumf\u00e4nglicher Schutz vor dem Zugriff durch Fremde ist nicht realisierbar.<\/p>\n<h2 id=\"block-bba327dc-f263-4a7c-b74c-ef58eb76e9a0\" class=\"block-editor-block-list__block wp-block rich-text block-editor-rich-text__editable has-text-align-center wp-block\" style=\"text-align: center;\" tabindex=\"0\" role=\"textbox\" aria-label=\"Schreib eine \u00dcberschrift\u2026\" aria-multiline=\"true\" data-block=\"bba327dc-f263-4a7c-b74c-ef58eb76e9a0\" data-type=\"core\/heading\" data-title=\"\u00dcberschrift\">Zugriffdaten<\/h2>\n<p id=\"block-5966fba4-391f-4f12-bb98-1f85ae4dee72\" class=\"block-editor-block-list__block wp-block rich-text block-editor-rich-text__editable wp-block\" style=\"text-align: left;\" tabindex=\"0\" role=\"textbox\" aria-label=\"Absatz-Block\" aria-multiline=\"true\" data-block=\"5966fba4-391f-4f12-bb98-1f85ae4dee72\" data-type=\"core\/paragraph\" data-title=\"Absatz\">Der Websitebetreiber bzw. Seitenprovider erhebt Daten \u00fcber Zugriffe auf die Seite und speichert diese als \u201eServer-Logfiles\u201c ab. Folgende Daten werden so protokolliert:<br data-rich-text-line-break=\"true\">Besuchte Website, Uhrzeit zum Zeitpunkt des Zugriffs, Menge der gesendeten Daten in Byte, Quelle\/Verweis, von welchem Sie auf die Seite gelangten, verwendeter Browser, verwendetes Betriebssystem, verwendete IP-Adresse.<br data-rich-text-line-break=\"true\">Die erhobenen Daten dienen lediglich statistischen Auswertungen und zur Verbesserung der Website. Der Websitebetreiber beh\u00e4lt sich allerdings vor, die Server-Logfiles nachtr\u00e4glich zu \u00fcberpr\u00fcfen, sollten konkrete Anhaltspunkte auf eine rechtswidrige Nutzung hinweisen.<\/p>\n<h2 id=\"block-8c281526-46a5-431d-9854-522f9b57a2fb\" class=\"block-editor-block-list__block wp-block rich-text block-editor-rich-text__editable has-text-align-center wp-block\" style=\"text-align: center;\" tabindex=\"0\" role=\"textbox\" aria-label=\"Schreib eine \u00dcberschrift\u2026\" aria-multiline=\"true\" data-block=\"8c281526-46a5-431d-9854-522f9b57a2fb\" data-type=\"core\/heading\" data-title=\"\u00dcberschrift\">Cookies<\/h2>\n<p id=\"block-91558e08-7c81-40f9-9a4a-01f18a38edf1\" class=\"block-editor-block-list__block wp-block rich-text block-editor-rich-text__editable wp-block\" style=\"text-align: left;\" tabindex=\"0\" role=\"textbox\" aria-label=\"Absatz-Block\" aria-multiline=\"true\" data-block=\"91558e08-7c81-40f9-9a4a-01f18a38edf1\" data-type=\"core\/paragraph\" data-title=\"Absatz\">Diese Website verwendet Cookies. Dabei handelt es sich um kleine Textdateien, welche auf Ihrem Endger\u00e4t gespeichert werden. Ihr Browser greift auf diese Dateien zu. Durch den Einsatz von Cookies erh\u00f6ht sich die Benutzerfreundlichkeit und Sicherheit dieser Website. G\u00e4ngige Browser bieten die Einstellungsoption, Cookies nicht zuzulassen. Hinweis: Es ist nicht gew\u00e4hrleistet, dass Sie auf alle Funktionen dieser Website ohne Einschr\u00e4nkungen zugreifen k\u00f6nnen, wenn Sie entsprechende Einstellungen vornehmen.<\/p>\n<h2 id=\"block-2723e757-c94c-4f99-b04d-162104316c3b\" class=\"block-editor-block-list__block wp-block rich-text block-editor-rich-text__editable has-text-align-center wp-block\" style=\"text-align: center;\" tabindex=\"0\" role=\"textbox\" aria-label=\"Schreib eine \u00dcberschrift\u2026\" aria-multiline=\"true\" data-block=\"2723e757-c94c-4f99-b04d-162104316c3b\" data-type=\"core\/heading\" data-title=\"\u00dcberschrift\">Umgang mit personenbezogenen Daten<\/h2>\n<p id=\"block-d1a2e0b0-cb37-4fbd-b6cc-86730ac54880\" class=\"block-editor-block-list__block wp-block rich-text block-editor-rich-text__editable wp-block\" style=\"text-align: left;\" tabindex=\"0\" role=\"textbox\" aria-label=\"Absatz-Block\" aria-multiline=\"true\" data-block=\"d1a2e0b0-cb37-4fbd-b6cc-86730ac54880\" data-type=\"core\/paragraph\" data-title=\"Absatz\">Der Websitebetreiber erhebt, nutzt und gibt Ihre personenbezogenen Daten nur dann weiter, wenn dies im gesetzlichen Rahmen erlaubt ist oder Sie in die Datenerhebung einwilligen. Als personenbezogene Daten gelten s\u00e4mtliche Informationen, welche dazu dienen, Ihre Person zu bestimmen und welche zu Ihnen zur\u00fcckverfolgt werden k\u00f6nnen \u2013 also beispielsweise Ihr Name, E-Mail-Adresse und Telefonnummer.<\/p>\n<h2 id=\"block-ee68e4e8-4b65-4298-b0ef-8b0e35d884b1\" class=\"block-editor-block-list__block wp-block rich-text block-editor-rich-text__editable has-text-align-center wp-block\" style=\"text-align: center;\" tabindex=\"0\" role=\"textbox\" aria-label=\"Schreib eine \u00dcberschrift\u2026\" aria-multiline=\"true\" data-block=\"ee68e4e8-4b65-4298-b0ef-8b0e35d884b1\" data-type=\"core\/heading\" data-title=\"\u00dcberschrift\">Umgang mit Kontodaten<\/h2>\n<p id=\"block-537f4e82-983b-481a-9c68-15a9dc034616\" class=\"block-editor-block-list__block wp-block rich-text block-editor-rich-text__editable wp-block\" style=\"text-align: left;\" tabindex=\"0\" role=\"textbox\" aria-label=\"Absatz-Block\" aria-multiline=\"true\" data-block=\"537f4e82-983b-481a-9c68-15a9dc034616\" data-type=\"core\/paragraph\" data-title=\"Absatz\">Nehmen Sie mit dem Websitebetreiber durch die angebotenen Kontaktm\u00f6glichkeiten Verbindung auf, werden Ihre Angaben gespeichert, damit auf diese zur Bearbeitung und Beantwortung Ihrer Anfrage zur\u00fcckgegriffen werden kann. Ohne Ihre Einwilligung werden diese Daten nicht an Dritte weitergegeben.<\/p>\n<h2 id=\"block-9635455c-43c7-4266-b831-d3fd2c9aefb9\" class=\"block-editor-block-list__block wp-block rich-text block-editor-rich-text__editable has-text-align-center wp-block\" style=\"text-align: center;\" tabindex=\"0\" role=\"textbox\" aria-label=\"Schreib eine \u00dcberschrift\u2026\" aria-multiline=\"true\" data-block=\"9635455c-43c7-4266-b831-d3fd2c9aefb9\" data-type=\"core\/heading\" data-title=\"\u00dcberschrift\">Rechte des Nutzers: Auskunft, Berichtigung und L\u00f6schung<\/h2>\n<p id=\"block-3ab090eb-b094-48f0-936e-9317fce9cf4d\" class=\"block-editor-block-list__block wp-block rich-text block-editor-rich-text__editable wp-block\" style=\"text-align: left;\" tabindex=\"0\" role=\"textbox\" aria-label=\"Absatz-Block\" aria-multiline=\"true\" data-block=\"3ab090eb-b094-48f0-936e-9317fce9cf4d\" data-type=\"core\/paragraph\" data-title=\"Absatz\">Sie als Nutzer erhalten auf Antrag Ihrerseits kostenlose Auskunft dar\u00fcber, welche personenbezogenen Daten \u00fcber Sie gespeichert wurden. Sofern Ihr Wunsch nicht mit einer gesetzlichen Pflicht zur Aufbewahrung von Daten kollidiert, haben Sie ein Anrecht auf Berichtigung falscher Daten und auf die Sperrung oder L\u00f6schung Ihrer personenbezogenen Daten.<\/p>\n<div class=\"block-list-appender\" tabindex=\"-1\">&nbsp;<\/div>\n<\/div>\n<\/div>\n<\/div>\n<\/div>\n<div style=\"text-align: center;\" tabindex=\"0\">&nbsp;<\/div>\n","protected":false},"excerpt":{"rendered":"<p>Datenschutzerkl\u00e4rung Geltungsbereich Diese Datenschutzerkl\u00e4rung soll die Nutzer dieser Website gem\u00e4\u00df Bundesdatenschutzgesetz und Telemediengesetz \u00fcber die Art, den Umfang und den Zweck der Erhebung und Verwendung personenbezogener Daten durch den Websitebetreiber \u201eDie Wiesbadener Taunusmusikanten e.V.\u201c informieren. Der Websitebetreiber nimmt Ihren Datenschutz sehr ernst und behandelt Ihre personenbezogenen Daten vertraulich und entsprechend den gesetzlichen Vorschriften. Bedenken Sie, dass die Daten\u00fcbertragung im Internet grunds\u00e4tzlich mit&hellip;<\/p>\n<p> <a class=\"more-link\" href=\"https:\/\/www.taunusmusikanten.de\/?page_id=11425\">Weiterlesen<\/a><\/p>\n","protected":false},"author":2,"featured_media":0,"parent":0,"menu_order":0,"comment_status":"closed","ping_status":"closed","template":"","meta":{"ngg_post_thumbnail":0,"footnotes":""},"class_list":["post-11425","page","type-page","status-publish"],"_links":{"self":[{"href":"https:\/\/www.taunusmusikanten.de\/index.php?rest_route=\/wp\/v2\/pages\/11425","targetHints":{"allow":["GET"]}}],"collection":[{"href":"https:\/\/www.taunusmusikanten.de\/index.php?rest_route=\/wp\/v2\/pages"}],"about":[{"href":"https:\/\/www.taunusmusikanten.de\/index.php?rest_route=\/wp\/v2\/types\/page"}],"author":[{"embeddable":true,"href":"https:\/\/www.taunusmusikanten.de\/index.php?rest_route=\/wp\/v2\/users\/2"}],"replies":[{"embeddable":true,"href":"https:\/\/www.taunusmusikanten.de\/index.php?rest_route=%2Fwp%2Fv2%2Fcomments&post=11425"}],"version-history":[{"count":3,"href":"https:\/\/www.taunusmusikanten.de\/index.php?rest_route=\/wp\/v2\/pages\/11425\/revisions"}],"predecessor-version":[{"id":11437,"href":"https:\/\/www.taunusmusikanten.de\/index.php?rest_route=\/wp\/v2\/pages\/11425\/revisions\/11437"}],"wp:attachment":[{"href":"https:\/\/www.taunusmusikanten.de\/index.php?rest_route=%2Fwp%2Fv2%2Fmedia&parent=11425"}],"curies":[{"name":"wp","href":"https:\/\/api.w.org\/{rel}","templated":true}]}}