{"id":2022,"date":"2017-05-21T18:36:58","date_gmt":"2017-05-21T16:36:58","guid":{"rendered":"http:\/\/wp.taunusmusikanten.de\/?page_id=2022"},"modified":"2025-06-27T15:55:25","modified_gmt":"2025-06-27T13:55:25","slug":"impressum","status":"publish","type":"page","link":"https:\/\/www.taunusmusikanten.de\/?page_id=2022","title":{"rendered":"Impressum"},"content":{"rendered":"<div id=\"text\">\n<h2 align=\"center\">Impressum<\/h2>\n<div align=\"center\">&nbsp;<\/div>\n<div align=\"center\">Registergericht: Amtsgericht Wiesbaden<br \/>\nRegisternummer: VR 2495<\/div>\n<div align=\"center\">Die Wiesbadener Taunusmusikanten 1975 e.V.<br \/>\n1. Vorsitzender Karsten Schindler<br \/>\nPostfach 400132<br \/>\n65708 Hofheim<\/div>\n<div align=\"center\">Tel.: 06122-939180<br \/>\nFax: 06122-2936<\/div>\n<div align=\"center\">&nbsp;<\/div>\n<div align=\"center\">Vertretungsberechtigter Vorstand:<br \/>\nKarsten Schindler<\/div>\n<div align=\"center\">Mike Zergiebel<\/div>\n<div align=\"center\">Bernhard Sturm<\/div>\n<div align=\"center\">Sabine Krestan<\/div>\n<div align=\"center\">Florian Wall<\/div>\n<div align=\"center\">Inhaltlich Verantwortlicher im Sinne des Presserechts (V.i.S.d.P.) und gem\u00e4\u00df <a href=\"http:\/\/www.gesetze-im-internet.de\/tmg\/BJNR017910007.html\" target=\"_blank\" rel=\"noopener noreferrer\">Telemediengesetz&nbsp;<\/a><\/div>\n<div align=\"center\">&nbsp;<\/div>\n<div align=\"center\">Karsten Schindler<br \/>\nHeerstra\u00dfe 124<br \/>\n65205 Wiesbaden<br \/>\nTel 06122\/ 939180<\/div>\n<div align=\"center\">&nbsp;<\/div>\n<div align=\"center\">Bei Fragen wenden Sie sich bitte entweder an die Webmaster: <a href=\"mailto:Webmaster@Taunusmusikanten.de\">Webmaster@Taunusmusikanten.de<\/a><br \/>\noder an den Vorstand: <a href=\"mailto:Info@Taunusmusikanten.de\">Info@Taunusmusikanten.de<\/a><\/div>\n<h2 align=\"center\"><b>Rechtliche Hinweise zu Links<\/b><\/h2>\n<p style=\"text-align: left;\" align=\"center\">Diese Website ist mit fremden, sich jederzeit wandeln k\u00f6nnenden Internetpr\u00e4senzen verkn\u00fcpft, die nicht dem Verantwortungsbereich der Wiesbadener Taunusmusikanten e.V. und seines Webmasters unterliegen. Dass die Links weder gegen Sitten noch Gesetze versto\u00dfen, wurde genau einmal gepr\u00fcft: bevor sie hier aufgenommen wurden. Links, die zu fremden Websites f\u00fchren, erkennen Sie daran, dass sie grunds\u00e4tzlich in einem neuen Browserfenster geladen werden, und dass der URL einer solchen Seite nicht mit &#8222;www.taunusmusikanten.de&#8220; beginnt. Sollten Sie feststellen, dass eine verlinkte Seite gesetzes- oder sittenwidrige Inhalte bereitstellt, so bitten wir Sie, uns diese Tatsache umgehend per E-Mail mitzuteilen, damit der Link entfernt werden kann.<\/p>\n<p align=\"center\">&nbsp;<\/p>\n<h2 align=\"center\"><b>Hinweise f\u00fcr Webmaster zur Verlinkung unserer Internetseite<\/b><\/h2>\n<p style=\"text-align: left;\" align=\"center\">Ohne schriftliche Erlaubnis d\u00fcrfen, mit Ausnahme der Startseite, keine Seiten, sowie der einzelnen Bereiche direkt verlinkt werden. Strikt untersagt ist die Verlinkung in einem Frame bei dem wir, die Wiesbadener Taunusmusikanten 1975 e.V., nicht mehr als Urheber erkennbar sind.<\/p>\n<p align=\"center\">&nbsp;<\/p>\n<h2 align=\"center\"><b>Rechtliche Hinweise zu Bildern<\/b><\/h2>\n<p style=\"text-align: left;\" align=\"center\">Beim Einstellen der Bilder haben wir sorgf\u00e4ltig gepr\u00fcft, ob durch deren Inhalt die W\u00fcrde der dargestellten Personen in irgendeiner Art und Weise herabgesetzt werden k\u00f6nnte, oder Personen sich durch die zu sehenden Bilder diffamiert f\u00fchlen k\u00f6nnten Dies war unserer Meinung nicht der Fall.<br \/>\nSollten Sie dennoch mit einem Bild nicht einverstanden sein, so informieren sie uns bitte.<\/p>\n<\/div>\n<p style=\"text-align: left;\" align=\"center\">&nbsp;<\/p>\n","protected":false},"excerpt":{"rendered":"<p>Impressum &nbsp; Registergericht: Amtsgericht Wiesbaden Registernummer: VR 2495 Die Wiesbadener Taunusmusikanten 1975 e.V. 1. Vorsitzender Karsten Schindler Postfach 400132 65708 Hofheim Tel.: 06122-939180 Fax: 06122-2936 &nbsp; Vertretungsberechtigter Vorstand: Karsten Schindler Mike Zergiebel Bernhard Sturm Sabine Krestan Florian Wall Inhaltlich Verantwortlicher im Sinne des Presserechts (V.i.S.d.P.) und gem\u00e4\u00df Telemediengesetz&nbsp; &nbsp; Karsten Schindler Heerstra\u00dfe 124 65205 Wiesbaden Tel 06122\/ 939180 &nbsp; Bei Fragen wenden&hellip;<\/p>\n<p> <a class=\"more-link\" href=\"https:\/\/www.taunusmusikanten.de\/?page_id=2022\">Weiterlesen<\/a><\/p>\n","protected":false},"author":6,"featured_media":0,"parent":0,"menu_order":0,"comment_status":"closed","ping_status":"closed","template":"","meta":{"ngg_post_thumbnail":0,"footnotes":""},"class_list":["post-2022","page","type-page","status-publish"],"_links":{"self":[{"href":"https:\/\/www.taunusmusikanten.de\/index.php?rest_route=\/wp\/v2\/pages\/2022","targetHints":{"allow":["GET"]}}],"collection":[{"href":"https:\/\/www.taunusmusikanten.de\/index.php?rest_route=\/wp\/v2\/pages"}],"about":[{"href":"https:\/\/www.taunusmusikanten.de\/index.php?rest_route=\/wp\/v2\/types\/page"}],"author":[{"embeddable":true,"href":"https:\/\/www.taunusmusikanten.de\/index.php?rest_route=\/wp\/v2\/users\/6"}],"replies":[{"embeddable":true,"href":"https:\/\/www.taunusmusikanten.de\/index.php?rest_route=%2Fwp%2Fv2%2Fcomments&post=2022"}],"version-history":[{"count":23,"href":"https:\/\/www.taunusmusikanten.de\/index.php?rest_route=\/wp\/v2\/pages\/2022\/revisions"}],"predecessor-version":[{"id":12952,"href":"https:\/\/www.taunusmusikanten.de\/index.php?rest_route=\/wp\/v2\/pages\/2022\/revisions\/12952"}],"wp:attachment":[{"href":"https:\/\/www.taunusmusikanten.de\/index.php?rest_route=%2Fwp%2Fv2%2Fmedia&parent=2022"}],"curies":[{"name":"wp","href":"https:\/\/api.w.org\/{rel}","templated":true}]}}