{"id":2027,"date":"2017-05-21T18:52:00","date_gmt":"2017-05-21T16:52:00","guid":{"rendered":"http:\/\/wp.taunusmusikanten.de\/?page_id=2027"},"modified":"2022-10-21T18:49:20","modified_gmt":"2022-10-21T16:49:20","slug":"kontakt","status":"publish","type":"page","link":"https:\/\/www.taunusmusikanten.de\/?page_id=2027","title":{"rendered":"Kontakt"},"content":{"rendered":"<h2 align=\"center\">Kontakt<\/h2>\n<div style=\"text-align: left;\" align=\"center\">Sie haben ein Fest, aber Ihnen fehlt die musikalische Umrahmung? Sie k\u00f6nnen ein Instrument spielen und suchen Anschluss an eine muntere Truppe engagierter Hobby-Musiker? Sie haben Fragen zur Ausbildung im Verein? Dann sind Sie gerne und herzlich eingeladen uns w\u00e4hrend unserer Proben zu besuchen. <strong>Wir proben mittwochs abends von 19.30 bis 21.30 Uhr.<\/strong> Wenn Sie pers\u00f6nlich nicht vorbeikommen k\u00f6nnen, dann aber schnell ran ans Telefon oder schreiben Sie uns eine Mail!<\/div>\n<div style=\"text-align: center;\" align=\"center\">&nbsp;<\/div>\n<div style=\"text-align: center;\" align=\"center\">Die Wiesbadener Taunusmusikanten 1975 e.V.<br \/>\n1. Vorsitzender Karsten Schindler<br \/>\nPostfach 400132<br \/>\n65708 Hofheim<\/div>\n<div style=\"text-align: center;\" align=\"center\">Tel.: 06122-939180<br \/>\nFax: 06122-2936<\/div>\n<div style=\"text-align: center;\" align=\"center\"><b>E-Mail:<\/b> <a href=\"mailto:Vorstand@Taunusmusikanten.de\">Vorstand@Taunusmusikanten.de<\/a><\/div>\n<p>&nbsp;<\/p>\n<p>Sie haben Fragen zu unserem Internet-Auftritt? Dann wenden Sie sich doch einfach an unsere Webmaster<\/p>\n<div align=\"center\"><b>E-Mail:<\/b> <a href=\"mailto:Webmaster@Taunusmusikanten.de\">Webmaster@Taunusmusikanten.de<\/a><\/div>\n","protected":false},"excerpt":{"rendered":"<p>Kontakt Sie haben ein Fest, aber Ihnen fehlt die musikalische Umrahmung? Sie k\u00f6nnen ein Instrument spielen und suchen Anschluss an eine muntere Truppe engagierter Hobby-Musiker? Sie haben Fragen zur Ausbildung im Verein? Dann sind Sie gerne und herzlich eingeladen uns w\u00e4hrend unserer Proben zu besuchen. Wir proben mittwochs abends von 19.30 bis 21.30 Uhr. Wenn Sie pers\u00f6nlich nicht vorbeikommen k\u00f6nnen, dann aber&hellip;<\/p>\n<p> <a class=\"more-link\" href=\"https:\/\/www.taunusmusikanten.de\/?page_id=2027\">Weiterlesen<\/a><\/p>\n","protected":false},"author":6,"featured_media":0,"parent":0,"menu_order":0,"comment_status":"closed","ping_status":"closed","template":"","meta":{"ngg_post_thumbnail":0,"footnotes":""},"class_list":["post-2027","page","type-page","status-publish"],"_links":{"self":[{"href":"https:\/\/www.taunusmusikanten.de\/index.php?rest_route=\/wp\/v2\/pages\/2027","targetHints":{"allow":["GET"]}}],"collection":[{"href":"https:\/\/www.taunusmusikanten.de\/index.php?rest_route=\/wp\/v2\/pages"}],"about":[{"href":"https:\/\/www.taunusmusikanten.de\/index.php?rest_route=\/wp\/v2\/types\/page"}],"author":[{"embeddable":true,"href":"https:\/\/www.taunusmusikanten.de\/index.php?rest_route=\/wp\/v2\/users\/6"}],"replies":[{"embeddable":true,"href":"https:\/\/www.taunusmusikanten.de\/index.php?rest_route=%2Fwp%2Fv2%2Fcomments&post=2027"}],"version-history":[{"count":20,"href":"https:\/\/www.taunusmusikanten.de\/index.php?rest_route=\/wp\/v2\/pages\/2027\/revisions"}],"predecessor-version":[{"id":11918,"href":"https:\/\/www.taunusmusikanten.de\/index.php?rest_route=\/wp\/v2\/pages\/2027\/revisions\/11918"}],"wp:attachment":[{"href":"https:\/\/www.taunusmusikanten.de\/index.php?rest_route=%2Fwp%2Fv2%2Fmedia&parent=2027"}],"curies":[{"name":"wp","href":"https:\/\/api.w.org\/{rel}","templated":true}]}}